{"id":5934,"date":"2019-11-05T13:22:56","date_gmt":"2019-11-05T13:22:56","guid":{"rendered":"https:\/\/elementor.zozothemes.com\/satenet\/?page_id=5934"},"modified":"2020-04-28T12:59:41","modified_gmt":"2020-04-28T10:59:41","slug":"about-us","status":"publish","type":"page","link":"https:\/\/hightechsarl.com\/index.php\/about-us\/","title":{"rendered":"About Us"},"content":{"rendered":"<h2>Qui sommes-nous?<\/h2>\n<p><!-- .title-wrap --><br \/>\n<!-- .section-description --><!-- .section-title-wrapper --><br \/>\n\t\t\t\t\t\t\t\t\t\t<img loading=\"lazy\" decoding=\"async\" width=\"330\" height=\"464\" src=\"https:\/\/hightechsarl.com\/wp\/wp-content\/uploads\/2020\/04\/radiation-drawing-telephone-tower-5-1.gif\" alt=\"\" \/>\t\t\t\t\t\t\t\t\t\t\t<\/p>\n<p style=\"text-align: justify;\"><strong>High Tech Sarl <\/strong>est une entreprise sp\u00e9cialis\u00e9e en <strong>t\u00e9l\u00e9communication et dans les nouvelles technologies de l\u2019information et de la communication (NTIC)<\/strong> par ses activit\u00e9s au d\u00e9veloppement de la R\u00e9publique D\u00e9mocratique du Congo et de la sous-r\u00e9gion de l\u2019Afrique Centrale. Notre int\u00e9r\u00eat porte sur la conception ou\/et la r\u00e9alisation des solutions relatives \u00e0 la T\u00e9l\u00e9communication ainsi qu\u2019au g\u00e9nie informatique.<\/p>\n<p style=\"text-align: justify;\">Etant donn\u00e9 que la r\u00e9volution du num\u00e9rique et un secteur porteur qui conduira notre pays \u00e0 \u00eatre comp\u00e9titif sur le plan mondial dans les domaines des<strong> t\u00e9l\u00e9communications et des nouvelles technologies de l\u2019information et de la communication (NTIC)<\/strong>. Nous travaillons de ce fait de mani\u00e8re \u00e0 innover dans ces domaines de la t\u00e9l\u00e9communication en mettant en \u0153uvre la conception et la r\u00e9alisation des solutions aux probl\u00e8mes auxquels la RDC est confront\u00e9e.<\/p>\n<p>\t\t\t\t\t\t\t\t\t\t<img loading=\"lazy\" decoding=\"async\" width=\"418\" height=\"500\" src=\"https:\/\/hightechsarl.com\/wp\/wp-content\/uploads\/revslider\/Satenet-Home-1\/intro-signal.png\" alt=\"\" \/><\/p>\n","protected":false},"excerpt":{"rendered":"<p>Qui sommes-nous? High Tech Sarl est une entreprise sp\u00e9cialis\u00e9e en t\u00e9l\u00e9communication et dans les nouvelles technologies de l\u2019information et de la communication (NTIC) par ses activit\u00e9s au d\u00e9veloppement de la R\u00e9publique D\u00e9mocratique du Congo et de la sous-r\u00e9gion de l\u2019Afrique Centrale. Notre int\u00e9r\u00eat porte sur la conception ou\/et la r\u00e9alisation des solutions relatives \u00e0 la [&hellip;]<\/p>\n","protected":false},"author":1,"featured_media":0,"parent":0,"menu_order":0,"comment_status":"closed","ping_status":"closed","template":"","meta":{"footnotes":""},"class_list":["post-5934","page","type-page","status-publish","hentry"],"_links":{"self":[{"href":"https:\/\/hightechsarl.com\/index.php\/wp-json\/wp\/v2\/pages\/5934","targetHints":{"allow":["GET"]}}],"collection":[{"href":"https:\/\/hightechsarl.com\/index.php\/wp-json\/wp\/v2\/pages"}],"about":[{"href":"https:\/\/hightechsarl.com\/index.php\/wp-json\/wp\/v2\/types\/page"}],"author":[{"embeddable":true,"href":"https:\/\/hightechsarl.com\/index.php\/wp-json\/wp\/v2\/users\/1"}],"replies":[{"embeddable":true,"href":"https:\/\/hightechsarl.com\/index.php\/wp-json\/wp\/v2\/comments?post=5934"}],"version-history":[{"count":11,"href":"https:\/\/hightechsarl.com\/index.php\/wp-json\/wp\/v2\/pages\/5934\/revisions"}],"predecessor-version":[{"id":9602,"href":"https:\/\/hightechsarl.com\/index.php\/wp-json\/wp\/v2\/pages\/5934\/revisions\/9602"}],"wp:attachment":[{"href":"https:\/\/hightechsarl.com\/index.php\/wp-json\/wp\/v2\/media?parent=5934"}],"curies":[{"name":"wp","href":"https:\/\/api.w.org\/{rel}","templated":true}]}}