{"id":6046,"date":"2019-11-07T09:22:12","date_gmt":"2019-11-07T09:22:12","guid":{"rendered":"https:\/\/elementor.zozothemes.com\/satenet\/?page_id=6046"},"modified":"2020-04-28T14:22:02","modified_gmt":"2020-04-28T12:22:02","slug":"book-now","status":"publish","type":"page","link":"https:\/\/hightechsarl.com\/index.php\/book-now\/","title":{"rendered":"Book Now"},"content":{"rendered":"<h3>Hosty MWEPU<\/h3>\n<p>Chief executive officer(CEO), Founder<!-- .title-wrap --><!-- .section-description --><!-- .section-title-wrapper -->\t\t<\/p>\n<p>hightech@hightechsarl.com<\/p>\n<ul>\n<li>\n\t\t\t\t\t\t\t<a href=\"#\"><br \/>\n\t\t\t\t\t\t\t<\/a>\n\t\t\t\t\t\t<\/li>\n<li>\n\t\t\t\t\t\t\t<a href=\"#\"><br \/>\n\t\t\t\t\t\t\t<\/a>\n\t\t\t\t\t\t<\/li>\n<li>\n\t\t\t\t\t\t\t<a href=\"#\"><br \/>\n\t\t\t\t\t\t\t<\/a>\n\t\t\t\t\t\t<\/li>\n<\/ul>\n<p><!-- .social-icons-wrapper --><br \/>\n\t\t\t\t\t\t\t\t\t\t<img decoding=\"async\" src=\"https:\/\/hightechsarl.com\/wp\/wp-content\/uploads\/elementor\/thumbs\/site-icon1-1-oogffmz6vihras7fzen2ucbrzhlggfm7xlu9kl99rs.png\" title=\"site-icon1\" alt=\"site-icon1\" \/><br \/>\n\t\t\t01<\/p>\n<h4>Optimisation<\/h4>\n<p>en GPS Tracking, Contr\u00f4le d\u2019acc\u00e8s et s\u00e9curit\u00e9 \u00e9lectronique<!-- .media-body --><img decoding=\"async\" src=\"https:\/\/elementor.zozothemes.com\/satenet\/wp-content\/uploads\/sites\/3\/2019\/11\/analysis-lt-1.png\" alt=\"Feature Box Image\"><!-- .media --><br \/>\n\t\t\t02<\/p>\n<h4>Planification<\/h4>\n<p>en GPS Tracking, Contr\u00f4le d\u2019acc\u00e8s et s\u00e9curit\u00e9 \u00e9lectronique<!-- .media-body --><img decoding=\"async\" src=\"https:\/\/elementor.zozothemes.com\/satenet\/wp-content\/uploads\/sites\/3\/2019\/11\/develop-lt-1.png\" alt=\"Feature Box Image\"><!-- .media --><br \/>\n\t\t\t03<\/p>\n<h4>Indoor et outdoor sites Survey <\/h4>\n<p>Enqu\u00eate cellulaire des sites indoor et outdoor<!-- .media-body --><img decoding=\"async\" src=\"https:\/\/elementor.zozothemes.com\/satenet\/wp-content\/uploads\/sites\/3\/2019\/11\/customer-service-lt-1.png\" alt=\"Feature Box Image\"><!-- .media -->\t\t<\/p>\n<h2>Me contacter Maintenant<\/h2>\n<p><!-- .title-wrap --><!-- .section-description --><!-- .section-title-wrapper -->\t\t<\/p>\n<form action=\"\/wp\/wp-admin\/admin-ajax.php#wpcf7-f6275-o1\" method=\"post\" novalidate=\"novalidate\">\n<input type=\"hidden\" name=\"_wpcf7\" value=\"6275\" \/><br \/>\n<input type=\"hidden\" name=\"_wpcf7_version\" value=\"5.1.7\" \/><br \/>\n<input type=\"hidden\" name=\"_wpcf7_locale\" value=\"en_US\" \/><br \/>\n<input type=\"hidden\" name=\"_wpcf7_unit_tag\" value=\"wpcf7-f6275-o1\" \/><br \/>\n<input type=\"hidden\" name=\"_wpcf7_container_post\" value=\"0\" \/><\/p>\n<p><input type=\"text\" name=\"your-name\" value=\"\" size=\"40\" aria-required=\"true\" aria-invalid=\"false\" placeholder=\"Name\" \/><br \/>\n<input type=\"email\" name=\"your-email\" value=\"\" size=\"40\" aria-required=\"true\" aria-invalid=\"false\" placeholder=\"Email\" \/><br \/>\n<input type=\"tel\" name=\"Phone\" value=\"\" size=\"40\" aria-required=\"true\" aria-invalid=\"false\" placeholder=\"Phone\" \/><br \/>\n<textarea name=\"your-message\" cols=\"40\" rows=\"10\" aria-invalid=\"false\" placeholder=\"Message\"><\/textarea><br \/>\n<input type=\"submit\" value=\"Send a Message\" \/><\/p>\n<\/form>\n<p><!-- .contact-form --><!-- .contact-form-wrapper -->\t\t<\/p>\n<h2>Des questions? Appelez moi maintenant<\/h2>\n<h3><a href=\"#\">+ (243) 816223274<\/a><\/h3>\n<p>\t\t\t<a href=\"#\" role=\"button\"><br \/>\n\t\t\t\t\t\tRequest Call Back<br \/>\n\t\t\t\t\t<\/a><\/p>\n","protected":false},"excerpt":{"rendered":"<p>Hosty MWEPU Chief executive officer(CEO), Founder hightech@hightechsarl.com 01 Optimisation en GPS Tracking, Contr\u00f4le d\u2019acc\u00e8s et s\u00e9curit\u00e9 \u00e9lectronique 02 Planification en GPS Tracking, Contr\u00f4le d\u2019acc\u00e8s et s\u00e9curit\u00e9 \u00e9lectronique 03 Indoor et outdoor sites Survey Enqu\u00eate cellulaire des sites indoor et outdoor Me contacter Maintenant Des questions? Appelez moi maintenant + (243) 816223274 Request Call Back<\/p>\n","protected":false},"author":1,"featured_media":0,"parent":0,"menu_order":0,"comment_status":"closed","ping_status":"closed","template":"","meta":{"footnotes":""},"class_list":["post-6046","page","type-page","status-publish","hentry"],"_links":{"self":[{"href":"https:\/\/hightechsarl.com\/index.php\/wp-json\/wp\/v2\/pages\/6046","targetHints":{"allow":["GET"]}}],"collection":[{"href":"https:\/\/hightechsarl.com\/index.php\/wp-json\/wp\/v2\/pages"}],"about":[{"href":"https:\/\/hightechsarl.com\/index.php\/wp-json\/wp\/v2\/types\/page"}],"author":[{"embeddable":true,"href":"https:\/\/hightechsarl.com\/index.php\/wp-json\/wp\/v2\/users\/1"}],"replies":[{"embeddable":true,"href":"https:\/\/hightechsarl.com\/index.php\/wp-json\/wp\/v2\/comments?post=6046"}],"version-history":[{"count":14,"href":"https:\/\/hightechsarl.com\/index.php\/wp-json\/wp\/v2\/pages\/6046\/revisions"}],"predecessor-version":[{"id":9636,"href":"https:\/\/hightechsarl.com\/index.php\/wp-json\/wp\/v2\/pages\/6046\/revisions\/9636"}],"wp:attachment":[{"href":"https:\/\/hightechsarl.com\/index.php\/wp-json\/wp\/v2\/media?parent=6046"}],"curies":[{"name":"wp","href":"https:\/\/api.w.org\/{rel}","templated":true}]}}