{"id":6048,"date":"2019-11-07T09:31:35","date_gmt":"2019-11-07T09:31:35","guid":{"rendered":"https:\/\/elementor.zozothemes.com\/satenet\/?page_id=6048"},"modified":"2020-04-29T13:23:45","modified_gmt":"2020-04-29T11:23:45","slug":"area-coverage","status":"publish","type":"page","link":"https:\/\/hightechsarl.com\/index.php\/area-coverage\/","title":{"rendered":"Area Coverage"},"content":{"rendered":"<p><iframe loading=\"lazy\" src=\"https:\/\/www.google.com\/maps\/embed?pb=!1m18!1m12!1m3!1d15156523.684196593!2d12.678641705790218!3d-3.9834521736649444!2m3!1f0!2f0!3f0!3m2!1i1024!2i768!4f13.1!3m3!1m2!1s0x1979facf9a7546bd%3A0x4c63e5eac93f141!2sR%C3%A9publique%20d%C3%A9mocratique%20du%20Congo!5e1!3m2!1sfr!2scd!4v1588159316479!5m2!1sfr!2scd\" width=\"600\" height=\"640\" frameborder=\"0\" style=\"border:0;\" allowfullscreen=\"\" aria-hidden=\"false\" tabindex=\"0\"><\/iframe>\t\t<\/p>\n<h5>Actuellement, notre service est disponible dans les pays suivants:<\/h5>\n<p><!-- .title-wrap --><!-- .section-description --><!-- .section-title-wrapper -->\t\t<\/p>\n<ul>\n<li>RDC<\/li>\n<\/ul>\n<p><!-- .icon-list-wrapper -->\t\t<\/p>\n<ul>\n<li>Congo Brazza<\/li>\n<\/ul>\n<p><!-- .icon-list-wrapper -->\t\t<\/p>\n<ul>\n<li>Gabon<\/li>\n<\/ul>\n<p><!-- .icon-list-wrapper -->\t\t<\/p>\n<ul>\n<li>Angola<\/li>\n<\/ul>\n<p><!-- .icon-list-wrapper --><br \/>\n\t\t\t\t\t\t\t\t\t\t<img loading=\"lazy\" decoding=\"async\" width=\"418\" height=\"500\" src=\"https:\/\/hightechsarl.com\/wp\/wp-content\/uploads\/revslider\/Satenet-Home-1\/intro-signal.png\" alt=\"\" \/>\t\t\t\t\t\t\t\t\t\t\t<\/p>\n<h2>High Tech Sarl<\/h2>\n<p><!-- .title-wrap -->Nous avons une exp\u00e9rience av\u00e9r\u00e9e dans l\u2019enqu\u00eate des sites cellulaires, dans la planification et l\u2019optimisation du r\u00e9seau de t\u00e9l\u00e9communication, en GPS Tracking, Contr\u00f4le d\u2019acc\u00e8s et s\u00e9curit\u00e9 \u00e9lectronique.<br \/>\nIndoor et outdoor sites Survey (Enqu\u00eate cellulaire des sites indoor et outdoor) indoor repeater (\u00e9tide de la faisabilt\u00e9 pour l\u2019installation des r\u00e9p\u00e9teurs)<!-- .section-description --><!-- .section-title-wrapper -->\t\t<\/p>\n<h6>+243 816 223 274<\/h6>\n<p>\t\t\t<!-- .icon-inner --><!-- .icon-wrapper --><\/p>\n","protected":false},"excerpt":{"rendered":"<p>Actuellement, notre service est disponible dans les pays suivants: RDC Congo Brazza Gabon Angola High Tech Sarl Nous avons une exp\u00e9rience av\u00e9r\u00e9e dans l\u2019enqu\u00eate des sites cellulaires, dans la planification et l\u2019optimisation du r\u00e9seau de t\u00e9l\u00e9communication, en GPS Tracking, Contr\u00f4le d\u2019acc\u00e8s et s\u00e9curit\u00e9 \u00e9lectronique. Indoor et outdoor sites Survey (Enqu\u00eate cellulaire des sites indoor et [&hellip;]<\/p>\n","protected":false},"author":1,"featured_media":0,"parent":0,"menu_order":0,"comment_status":"closed","ping_status":"closed","template":"","meta":{"footnotes":""},"class_list":["post-6048","page","type-page","status-publish","hentry"],"_links":{"self":[{"href":"https:\/\/hightechsarl.com\/index.php\/wp-json\/wp\/v2\/pages\/6048","targetHints":{"allow":["GET"]}}],"collection":[{"href":"https:\/\/hightechsarl.com\/index.php\/wp-json\/wp\/v2\/pages"}],"about":[{"href":"https:\/\/hightechsarl.com\/index.php\/wp-json\/wp\/v2\/types\/page"}],"author":[{"embeddable":true,"href":"https:\/\/hightechsarl.com\/index.php\/wp-json\/wp\/v2\/users\/1"}],"replies":[{"embeddable":true,"href":"https:\/\/hightechsarl.com\/index.php\/wp-json\/wp\/v2\/comments?post=6048"}],"version-history":[{"count":7,"href":"https:\/\/hightechsarl.com\/index.php\/wp-json\/wp\/v2\/pages\/6048\/revisions"}],"predecessor-version":[{"id":9698,"href":"https:\/\/hightechsarl.com\/index.php\/wp-json\/wp\/v2\/pages\/6048\/revisions\/9698"}],"wp:attachment":[{"href":"https:\/\/hightechsarl.com\/index.php\/wp-json\/wp\/v2\/media?parent=6048"}],"curies":[{"name":"wp","href":"https:\/\/api.w.org\/{rel}","templated":true}]}}