{"id":6266,"date":"2019-11-13T07:21:15","date_gmt":"2019-11-13T07:21:15","guid":{"rendered":"https:\/\/elementor.zozothemes.com\/satenet\/?page_id=6266"},"modified":"2020-04-29T13:30:47","modified_gmt":"2020-04-29T11:30:47","slug":"customer-support","status":"publish","type":"page","link":"https:\/\/hightechsarl.com\/index.php\/customer-support\/","title":{"rendered":"Customer Support"},"content":{"rendered":"<h5>Support<\/h5>\n<p>(+243) 816223274\t\t<\/p>\n<h5>Email<\/h5>\n<p>hightech@hightechsarl.com<\/p>\n<h5>Address<\/h5>\n<p>7 bis, Av. de Cataractes &#8211; Q\/Binza Ma Campagne &#8211; C\/Ngaliema \/ R.D.C<br \/>\n\t\t\t\t\t\t\t\t\t\t<img decoding=\"async\" src=\"https:\/\/hightechsarl.com\/wp\/wp-content\/uploads\/elementor\/thumbs\/IM1-oos2jth475t4zj2f6t65sbvcikg1wiolzka6feehc6.jpg\" title=\"IM1\" alt=\"IM1\" \/>\t\t\t\t\t\t\t\t\t\t\t<\/p>\n<h3> Laisser une r\u00e9ponse<\/h3>\n<form action=\"\/wp\/wp-admin\/admin-ajax.php#wpcf7-f6275-o1\" method=\"post\" novalidate=\"novalidate\">\n<input type=\"hidden\" name=\"_wpcf7\" value=\"6275\" \/><br \/>\n<input type=\"hidden\" name=\"_wpcf7_version\" value=\"5.1.7\" \/><br \/>\n<input type=\"hidden\" name=\"_wpcf7_locale\" value=\"en_US\" \/><br \/>\n<input type=\"hidden\" name=\"_wpcf7_unit_tag\" value=\"wpcf7-f6275-o1\" \/><br \/>\n<input type=\"hidden\" name=\"_wpcf7_container_post\" value=\"0\" \/><\/p>\n<p><input type=\"text\" name=\"your-name\" value=\"\" size=\"40\" aria-required=\"true\" aria-invalid=\"false\" placeholder=\"Name\" \/><br \/>\n<input type=\"email\" name=\"your-email\" value=\"\" size=\"40\" aria-required=\"true\" aria-invalid=\"false\" placeholder=\"Email\" \/><br \/>\n<input type=\"tel\" name=\"Phone\" value=\"\" size=\"40\" aria-required=\"true\" aria-invalid=\"false\" placeholder=\"Phone\" \/><br \/>\n<textarea name=\"your-message\" cols=\"40\" rows=\"10\" aria-invalid=\"false\" placeholder=\"Message\"><\/textarea><br \/>\n<input type=\"submit\" value=\"Send a Message\" \/><\/p>\n<\/form>\n<p><!-- .contact-form --><!-- .contact-form-wrapper -->\t\t<\/p>\n<h2>V\u00e9rifiez la couverture dans votre r\u00e9gion<\/h2>\n<p><!-- .title-wrap --><\/p>\n<p><a href=\"#\" title=\"V\u00e9rifier la couverture\">V\u00e9rifier la couverture<\/a><\/p>\n<p><!-- .section-description --><!-- .section-title-wrapper --><\/p>\n","protected":false},"excerpt":{"rendered":"<p>Support (+243) 816223274 Email hightech@hightechsarl.com Address 7 bis, Av. de Cataractes &#8211; Q\/Binza Ma Campagne &#8211; C\/Ngaliema \/ R.D.C Laisser une r\u00e9ponse V\u00e9rifiez la couverture dans votre r\u00e9gion V\u00e9rifier la couverture<\/p>\n","protected":false},"author":1,"featured_media":0,"parent":0,"menu_order":0,"comment_status":"closed","ping_status":"closed","template":"","meta":{"footnotes":""},"class_list":["post-6266","page","type-page","status-publish","hentry"],"_links":{"self":[{"href":"https:\/\/hightechsarl.com\/index.php\/wp-json\/wp\/v2\/pages\/6266","targetHints":{"allow":["GET"]}}],"collection":[{"href":"https:\/\/hightechsarl.com\/index.php\/wp-json\/wp\/v2\/pages"}],"about":[{"href":"https:\/\/hightechsarl.com\/index.php\/wp-json\/wp\/v2\/types\/page"}],"author":[{"embeddable":true,"href":"https:\/\/hightechsarl.com\/index.php\/wp-json\/wp\/v2\/users\/1"}],"replies":[{"embeddable":true,"href":"https:\/\/hightechsarl.com\/index.php\/wp-json\/wp\/v2\/comments?post=6266"}],"version-history":[{"count":6,"href":"https:\/\/hightechsarl.com\/index.php\/wp-json\/wp\/v2\/pages\/6266\/revisions"}],"predecessor-version":[{"id":9701,"href":"https:\/\/hightechsarl.com\/index.php\/wp-json\/wp\/v2\/pages\/6266\/revisions\/9701"}],"wp:attachment":[{"href":"https:\/\/hightechsarl.com\/index.php\/wp-json\/wp\/v2\/media?parent=6266"}],"curies":[{"name":"wp","href":"https:\/\/api.w.org\/{rel}","templated":true}]}}