{"id":6829,"date":"2019-11-01T05:01:53","date_gmt":"2019-11-01T05:01:53","guid":{"rendered":"https:\/\/elementor.zozothemes.com\/satenet\/?page_id=8"},"modified":"2024-11-27T16:46:43","modified_gmt":"2024-11-27T15:46:43","slug":"home","status":"publish","type":"page","link":"https:\/\/hightechsarl.com\/","title":{"rendered":"Home"},"content":{"rendered":"<h5>HIGH TECH SARL<\/h5>\n<p><!-- .title-wrap --><!-- .section-description --><!-- .section-title-wrapper --><\/p>\n<h2>Notre Travail<\/h2>\n<p><!-- .title-wrap -->Nous avons une exp\u00e9rience av\u00e9r\u00e9e dans l\u2019enqu\u00eate des sites cellulaires, dans la planification et l\u2019optimisation du r\u00e9seau de t\u00e9l\u00e9communication, en GPS Tracking, Contr\u00f4le d\u2019acc\u00e8s et s\u00e9curit\u00e9 \u00e9lectronique.<br \/>\nIndoor et outdoor sites Survey (Enqu\u00eate cellulaire des sites indoor et outdoor) indoor repeater (\u00e9tide de la faisabilt\u00e9 pour l\u2019installation des r\u00e9p\u00e9teurs)<br \/>\n<!-- .section-description --><!-- .section-title-wrapper --><\/p>\n<p style=\"text-align: justify;\">High Tech est une entreprise sp\u00e9cialis\u00e9e en t\u00e9l\u00e9communication et dans les NTIC par ses activit\u00e9s au d\u00e9veloppement de la RDC et de la sous-r\u00e9gion de l\u2019Afrique Centrale<\/p>\n<p><img decoding=\"async\" title=\"intro-signal.png\" src=\"https:\/\/hightechsarl.com\/wp\/wp-content\/uploads\/elementor\/thumbs\/intro-signal-oogfm27erw2hxg3zbolm0qmxqe904xq1a9rthfmt6k.png\" alt=\"intro-signal.png\" \/><\/p>\n<h3>Hosty Mwepu<\/h3>\n<p>(Chief Executive Officer)<\/p>\n<p><img loading=\"lazy\" decoding=\"async\" src=\"https:\/\/hightechsarl.com\/wp\/wp-content\/uploads\/2020\/04\/logo-hightech.png\" sizes=\"auto, (max-width: 411px) 100vw, 411px\" srcset=\"https:\/\/hightechsarl.com\/wp\/wp-content\/uploads\/2020\/04\/logo-hightech.png 411w, https:\/\/hightechsarl.com\/wp\/wp-content\/uploads\/2020\/04\/logo-hightech-350x68.png 350w\" alt=\"logo hightech\" width=\"411\" height=\"80\" \/><br \/>\n<img decoding=\"async\" title=\"IM4\" src=\"https:\/\/hightechsarl.com\/wp\/wp-content\/uploads\/elementor\/thumbs\/IM4-oorxrful7qhbh8kwc0nun3hek0b101ebhvy26seupo.jpg\" alt=\"IM4\" \/><br \/>\nPlusieurs ann\u00e9es d&#8217;exp\u00e9riences<\/p>\n<h2>Ce que nous faisons chez High Tech Sarl<\/h2>\n<p><!-- .title-wrap --><!-- .section-description --><!-- .section-title-wrapper --><\/p>\n<p><strong>High Tech est une entreprise sp\u00e9cialis\u00e9e en t\u00e9l\u00e9communication et dans les NTIC par ses activit\u00e9s au d\u00e9veloppement de la RDC et de la sous-r\u00e9gion de l\u2019Afrique Centrale<\/strong><\/p>\n<p><img decoding=\"async\" src=\"https:\/\/elementor.zozothemes.com\/satenet\/wp-content\/uploads\/sites\/3\/2020\/02\/wifi-router-sh.png\" alt=\"Feature Box Image\" \/><\/p>\n<h5><a title=\"Planification &amp; Optimisation\" href=\"#\" target=\"_blank\" rel=\"noopener noreferrer\">Planification &amp; Optimisation<\/a><\/h5>\n<p><!-- .media-body --><!-- .media -->en GPS Tracking, Contr\u00f4le d\u2019acc\u00e8s et s\u00e9curit\u00e9 \u00e9lectronique.<br \/>\n<img decoding=\"async\" src=\"https:\/\/elementor.zozothemes.com\/satenet\/wp-content\/uploads\/sites\/3\/2020\/02\/wifi-sh.png\" alt=\"Feature Box Image\" \/><\/p>\n<h5><a title=\"Indoor et outdoor sites Survey \" href=\"#\" target=\"_blank\" rel=\"noopener noreferrer\">Indoor et outdoor sites Survey <\/a><\/h5>\n<p><!-- .media-body --><!-- .media -->Enqu\u00eate cellulaire des sites indoor et outdoor<br \/>\n<img decoding=\"async\" src=\"https:\/\/elementor.zozothemes.com\/satenet\/wp-content\/uploads\/sites\/3\/2020\/02\/cctv-sh.png\" alt=\"Feature Box Image\" \/><\/p>\n<h5><a title=\"Indoor repeater\" href=\"#\" target=\"_blank\" rel=\"noopener noreferrer\">Indoor repeater<\/a><\/h5>\n<p><!-- .media-body --><!-- .media -->\u00e9tude de faisabilit\u00e9 pour l\u2019installation des r\u00e9p\u00e9teurs<\/p>\n<h2>Vous serez toujours mieux chez High Tech Sarl!<\/h2>\n<p><!-- .title-wrap -->Car nous sommes une entreprise sp\u00e9cialis\u00e9e en t\u00e9l\u00e9communication et dans les NTIC par ses activit\u00e9s au d\u00e9veloppement de la RDC et de la sous-r\u00e9gion de l\u2019Afrique Centrale.<!-- .section-description --><!-- .section-title-wrapper --><\/p>\n<h5>N\u2019h\u00e9sitez pas, contactez-nous<\/h5>\n<ul>\n<li><a href=\"#\">\u00a0<\/a><\/li>\n<li><a href=\"#\">\u00a0<\/a><\/li>\n<li><a href=\"#\">\u00a0<\/a><\/li>\n<li><a href=\"#\">\u00a0<\/a><\/li>\n<li><a href=\"#\">\u00a0<\/a><\/li>\n<\/ul>\n<p><!-- .social-icons-wrapper --><br \/>\n<a role=\"button\" href=\"https:\/\/hightechsarl.com\/wp\/index.php\/contact-us\/\"><br \/>\nCliquez Ici!<br \/>\n<\/a><\/p>\n<h4>Notre Adresse<\/h4>\n<p>7 bis, Av. de Cataractes &#8211; Q\/Binza Ma Campagne &#8211; C\/Ngaliema \/ R.D.C<!-- .media-body --><!-- .media --><\/p>\n<h4>T\u00e9l\u00e9phones<\/h4>\n<p>(+243) 816223274<br \/>\n(+243) 995379189<!-- .media-body --><!-- .media --><\/p>\n<h4>Emails!<\/h4>\n<p>hightech@hightechsarl.com<br \/>\nbenimutwale@gmail.com<!-- .media-body --><!-- .media --><br \/>\n<img loading=\"lazy\" decoding=\"async\" src=\"https:\/\/hightechsarl.com\/wp\/wp-content\/uploads\/2020\/04\/Arptc.png\" alt=\"Arptc\" width=\"180\" height=\"90\" \/><br \/>\n<img loading=\"lazy\" decoding=\"async\" src=\"https:\/\/hightechsarl.com\/wp\/wp-content\/uploads\/2020\/04\/zte-logo.jpg\" alt=\"zte-logo\" width=\"180\" height=\"90\" \/><br \/>\n<img loading=\"lazy\" decoding=\"async\" src=\"https:\/\/hightechsarl.com\/wp\/wp-content\/uploads\/2020\/04\/Cstelecomex.png\" alt=\"Cstelecomex\" width=\"180\" height=\"90\" \/><br \/>\n<img loading=\"lazy\" decoding=\"async\" src=\"https:\/\/hightechsarl.com\/wp\/wp-content\/uploads\/2020\/04\/Shammah-groupe-construct-.png\" alt=\"Shammah groupe construct-\" width=\"180\" height=\"90\" \/><br \/>\n<img loading=\"lazy\" decoding=\"async\" src=\"https:\/\/hightechsarl.com\/wp\/wp-content\/uploads\/2020\/04\/Minist\u00e8re-de-la-sant\u00e9-CSE.png\" alt=\"Minist\u00e8re de la sant\u00e9 CSE\" width=\"180\" height=\"90\" \/><\/p>\n","protected":false},"excerpt":{"rendered":"<p>HIGH TECH SARL Notre Travail Nous avons une exp\u00e9rience av\u00e9r\u00e9e dans l\u2019enqu\u00eate des sites cellulaires, dans la planification et l\u2019optimisation du r\u00e9seau de t\u00e9l\u00e9communication, en GPS Tracking, Contr\u00f4le d\u2019acc\u00e8s et s\u00e9curit\u00e9 \u00e9lectronique. Indoor et outdoor sites Survey (Enqu\u00eate cellulaire des sites indoor et outdoor) indoor repeater (\u00e9tide de la faisabilt\u00e9 pour l\u2019installation des r\u00e9p\u00e9teurs) High [&hellip;]<\/p>\n","protected":false},"author":1,"featured_media":0,"parent":0,"menu_order":0,"comment_status":"closed","ping_status":"closed","template":"","meta":{"footnotes":""},"class_list":["post-6829","page","type-page","status-publish","hentry"],"_links":{"self":[{"href":"https:\/\/hightechsarl.com\/index.php\/wp-json\/wp\/v2\/pages\/6829","targetHints":{"allow":["GET"]}}],"collection":[{"href":"https:\/\/hightechsarl.com\/index.php\/wp-json\/wp\/v2\/pages"}],"about":[{"href":"https:\/\/hightechsarl.com\/index.php\/wp-json\/wp\/v2\/types\/page"}],"author":[{"embeddable":true,"href":"https:\/\/hightechsarl.com\/index.php\/wp-json\/wp\/v2\/users\/1"}],"replies":[{"embeddable":true,"href":"https:\/\/hightechsarl.com\/index.php\/wp-json\/wp\/v2\/comments?post=6829"}],"version-history":[{"count":44,"href":"https:\/\/hightechsarl.com\/index.php\/wp-json\/wp\/v2\/pages\/6829\/revisions"}],"predecessor-version":[{"id":9716,"href":"https:\/\/hightechsarl.com\/index.php\/wp-json\/wp\/v2\/pages\/6829\/revisions\/9716"}],"wp:attachment":[{"href":"https:\/\/hightechsarl.com\/index.php\/wp-json\/wp\/v2\/media?parent=6829"}],"curies":[{"name":"wp","href":"https:\/\/api.w.org\/{rel}","templated":true}]}}